{"id":141,"date":"2018-02-14T12:25:39","date_gmt":"2018-02-14T12:25:39","guid":{"rendered":"http:\/\/finsens.nl\/?page_id=141"},"modified":"2021-12-01T09:31:05","modified_gmt":"2021-12-01T09:31:05","slug":"over-ons","status":"publish","type":"page","link":"https:\/\/finsens.nl\/nl\/over-ons\/","title":{"rendered":"Over ons"},"content":{"rendered":"<p><section   class=\"fw-main-row-custom fw-main-row-top fw-section-no-padding  fw-section-height-custom  fw-section-position-back tf-sh-f38a7b990c985321ac728475f3b7bf67\"  style=\" height: 320px;\"  >\n\t\t\t<div class=\"fw-container-fluid\" >\n\t\t<div class=\"fw-row\">\n\t<div id=\"column-69dd1098c4fe8\" class=\"fw-col-sm-12 tf-sh-d75b75f8a9fd3023d7154e9d2e876441  fw-col-no-padding\" >\n\t<div class=\"fw-wrap-col-inner clearfix  \"   >\n\t\t\t\t<div class=\"fw-col-inner\">\n\t\t\t    <!-- Radius Image -->\n            <div class=\"fw-block-image-parent  \"              style=\"width: 100%; \">\n            <div class=\"fw-block-image-child fw-noratio fw-ratio-container\">\n                <meta property=\"og:image\" content=\"https:\/\/finsens.nl\/wp-content\/uploads\/2018\/03\/shutterstock_216930169-2.jpg\" \/><noscript itemscope itemtype=\"https:\/\/schema.org\/ImageObject\" itemprop=\"image\"><img decoding=\"async\" src=\"https:\/\/finsens.nl\/wp-content\/uploads\/2018\/03\/shutterstock_216930169-2.jpg\"  alt=\"shutterstock_216930169 (2)\" data-maxdpr=\"1.7\" class=\"lazyload\" \/><meta itemprop=\"url\" content=\"https:\/\/finsens.nl\/wp-content\/uploads\/2018\/03\/shutterstock_216930169-2.jpg\"><meta itemprop=\"width\" content=\"1920\"><meta itemprop=\"height\" content=\"560\"><\/noscript><img decoding=\"async\" src=\"data:image\/gif;base64,R0lGODlhAQABAIAAAAAAAP\/\/\/yH5BAEAAAAALAAAAAABAAEAAAIBRAA7\" data-sizes=\"auto\" data-srcset=\"https:\/\/finsens.nl\/wp-content\/uploads\/2018\/03\/shutterstock_216930169-2.jpg\"   alt=\"shutterstock_216930169 (2)\" data-maxdpr=\"1.7\" class=\"lazyload\" \/><span class=\"fw-after-no-ratio\" style=\"padding-bottom: 29.166666666667%\"><\/span>                                            <\/div>\n        <\/div>\n    \t\t<\/div>\n\t<\/div>\n<\/div><\/div>\n\n\t<\/div>\n\t<\/section><section   class=\"fw-main-row-custom  auto  fw-section-position-back tf-sh-699e6a6a350d576800847d7a6e2f589a\"    >\n\t\t\t<div class=\"fw-container\" >\n\t\t<div class=\"fw-row\">\n\t<div id=\"column-69dd1098c596c\" class=\"fw-col-sm-12 tf-sh-ab66f285e1fe5364c14fcdfcc73138a0\" >\n\t<div class=\"fw-wrap-col-inner clearfix  \"   >\n\t\t\t\t<div class=\"fw-col-inner\">\n\t\t\t<div class=\"fw-heading fw-heading-left  tf-sh-96b9816b97e2953827a7def4c11b26b2\" >\n\t\t\t<h1 class=\"fw-special-title\">Over ons<\/h1>\n\t\n\t\n\t<\/div><div class=\"fw-text-box tf-sh-bd27f50d28510da3376991ea7cfafaba \" >\n\t<div class=\"fw-text-inner\">\n\t\t<p>Finsens is al ruim 25 jaar een gevestigde naam in de financi\u00eble dienstverlening voor het realiseren van de persoonlijke en financi\u00eble wensen van particulieren, professionals, ondernemers en expats. Wij bieden een breed spectrum aan financieel advies met specialisaties op het gebied van fiscaliteit, vermogensbeheer, hypotheken en financi\u00eble planning. Wij staan bekend om lange termijn relaties met onze cli\u00ebnten door de persoonlijke benadering en een allesomvattend advies inzake uw financi\u00eble situatie. Daarbij kunt u rekenen op actuele kennis, betrouwbaarheid en betrokkenheid.<\/p>\n<p>Finsens wordt geleid door twee ervaren partners afkomstig van banken en grote consultancybedrijven. <\/p>\n\t<\/div>\n<\/div><div class=\"fw-divider-space space-sm  clearfix\"  ><\/div>\t<a href=\"https:\/\/www.finsens.nl\/nl\/contact\/\" target=\"_self\" class=\"fw-btn tf-sh-6b681fb012c0681e0be6e6ee484709ad  fw-btn-md   fw-btn-side-by-side fw-btn-1\"  style=\"\">\n\t\t<span >\n\t\t\tNeem contact met ons op\t\t<\/span>\n\t<\/a>\n\t\t<\/div>\n\t<\/div>\n<\/div><\/div>\n\n\t<\/div>\n\t<\/section><section   class=\"fw-main-row-custom fw-section-no-padding  auto  fw-section-position-back tf-sh-dfeb7995b5aafa52e1b9627ceaecd1ad\"    >\n\t\t\t<div class=\"fw-container\" >\n\t\t<div class=\"fw-row\">\n\t<div id=\"column-69dd1098c61fa\" class=\"fw-col-sm-12 tf-sh-6dc230a397555bbf547f83164fc30ec9\" >\n\t<div class=\"fw-wrap-col-inner clearfix  \"   >\n\t\t\t\t<div class=\"fw-col-inner\">\n\t\t\t<div class=\"fw-heading fw-heading-center  tf-sh-eea5b3dc4ff6ebc446abc3d436147de0\" >\n\t\t\t<h2 class=\"fw-special-title\">Onze medewerkers:<\/h2>\n\t\n\t\n\t<\/div>\t\t<\/div>\n\t<\/div>\n<\/div><\/div>\n\n<div class=\"fw-row\">\n\t<div id=\"column-69dd1098c6513\" class=\"fw-col-sm-4 tf-sh-025fe9f3d8382fadc9bcbf86d0a51df0\" >\n\t<div class=\"fw-wrap-col-inner clearfix  \"   >\n\t\t\t\t<div class=\"fw-col-inner\">\n\t\t\t\t<div class=\"fw-imagebox clearfix fw-imagebox-1 tf-sh-4424135fdf93883abcc20a5f8ddb6a22 text-left   \"  style=\"\">\n\t\t\t\t\t\t\t\t\t\t<div class=\"fw-block-image-parent  \" style=\"width: 100%;\">\n\t\t\t\t\t\t\t\t\t<div class=\"fw-block-image-child fw-ratio-16-9 fw-ratio-container\">\n\t\t\t\t\t\t<meta property=\"og:image\" content=\"https:\/\/finsens.nl\/wp-content\/uploads\/2018\/03\/IMG_5461-Henk-van-Seijen.jpg\" \/><noscript itemscope itemtype=\"https:\/\/schema.org\/ImageObject\" itemprop=\"image\"><img decoding=\"async\" src=\"https:\/\/finsens.nl\/wp-content\/uploads\/2018\/03\/IMG_5461-Henk-van-Seijen.jpg\"  alt=\"IMG_5461 Henk van Seijen\" data-maxdpr=\"1.7\" class=\"lazyload\" \/><meta itemprop=\"url\" content=\"https:\/\/finsens.nl\/wp-content\/uploads\/2018\/03\/IMG_5461-Henk-van-Seijen.jpg\"><meta itemprop=\"width\" content=\"1365\"><meta itemprop=\"height\" content=\"2048\"><\/noscript><img decoding=\"async\" src=\"data:image\/gif;base64,R0lGODlhAQABAIAAAAAAAP\/\/\/yH5BAEAAAAALAAAAAABAAEAAAIBRAA7\" data-sizes=\"auto\" data-srcset=\"https:\/\/finsens.nl\/wp-content\/uploads\/2018\/03\/IMG_5461-Henk-van-Seijen-1228x691.jpg 1228w, https:\/\/finsens.nl\/wp-content\/uploads\/2018\/03\/IMG_5461-Henk-van-Seijen-614x346.jpg 614w, https:\/\/finsens.nl\/wp-content\/uploads\/2018\/03\/IMG_5461-Henk-van-Seijen-295x166.jpg 295w, https:\/\/finsens.nl\/wp-content\/uploads\/2018\/03\/IMG_5461-Henk-van-Seijen-590x332.jpg 590w\"   alt=\"IMG_5461 Henk van Seijen\" data-maxdpr=\"1.7\" class=\"lazyload\" \/>\t\t\t\t\t<\/div>\n\t\t\t\t\t\t\t<\/div>\n\t\t\n\t<div class=\"fw-imagebox-aside\" style=\"\">\n\t\t\t\t\t<div class=\"fw-imagebox-title-wrap\">\n\t\t\t\t\t\t\t\t\t<h3 class=\"fw-imagebox-title\">Henk van Seijen<\/h3>\n\t\t\t\t\n\t\t\t\t\t\t\t\t\t<h4 class=\"fw-imagebox-subtitle\">Partner<\/h4>\n\t\t\t\t\t\t\t<\/div>\n\t\t\n\t\t\n\t\t\t<\/div>\n\t<\/div>\n\t\t<\/div>\n\t<\/div>\n<\/div><div id=\"column-69dd1098c6b55\" class=\"fw-col-sm-4 tf-sh-9c39e0f1e8e18b369706bc137eef802d\" >\n\t<div class=\"fw-wrap-col-inner clearfix  \"   >\n\t\t\t\t<div class=\"fw-col-inner\">\n\t\t\t\t<div class=\"fw-imagebox clearfix fw-imagebox-1 tf-sh-b1e172b2993fab22254d443bc4c747d3 text-left   \"  style=\"\">\n\t\t\t\t\t\t\t\t\t\t<div class=\"fw-block-image-parent  \" style=\"width: 100%;\">\n\t\t\t\t\t\t\t\t\t<div class=\"fw-block-image-child fw-ratio-1 fw-ratio-container\">\n\t\t\t\t\t\t<meta property=\"og:image\" content=\"https:\/\/finsens.nl\/wp-content\/uploads\/2018\/03\/Naamloos-1.png\" \/><noscript itemscope itemtype=\"https:\/\/schema.org\/ImageObject\" itemprop=\"image\"><img decoding=\"async\" src=\"https:\/\/finsens.nl\/wp-content\/uploads\/2018\/03\/Naamloos-1.png\"  alt=\"Naamloos-1\" data-maxdpr=\"1.7\" class=\"lazyload\" \/><meta itemprop=\"url\" content=\"https:\/\/finsens.nl\/wp-content\/uploads\/2018\/03\/Naamloos-1.png\"><meta itemprop=\"width\" content=\"683\"><meta itemprop=\"height\" content=\"683\"><\/noscript><img decoding=\"async\" src=\"data:image\/gif;base64,R0lGODlhAQABAIAAAAAAAP\/\/\/yH5BAEAAAAALAAAAAABAAEAAAIBRAA7\" data-sizes=\"auto\" data-srcset=\"https:\/\/finsens.nl\/wp-content\/uploads\/2018\/03\/Naamloos-1-150x150.png 150w, https:\/\/finsens.nl\/wp-content\/uploads\/2018\/03\/Naamloos-1-300x300.png 300w, https:\/\/finsens.nl\/wp-content\/uploads\/2018\/03\/Naamloos-1-300x300.png 300w, https:\/\/finsens.nl\/wp-content\/uploads\/2018\/03\/Naamloos-1.png 683w\"   alt=\"Naamloos-1\" data-maxdpr=\"1.7\" class=\"lazyload\" \/>\t\t\t\t\t<\/div>\n\t\t\t\t\t\t\t<\/div>\n\t\t\n\t<div class=\"fw-imagebox-aside\" style=\"\">\n\t\t\t\t\t<div class=\"fw-imagebox-title-wrap\">\n\t\t\t\t\t\t\t\t\t<h3 class=\"fw-imagebox-title\">Sophie Seesing<\/h3>\n\t\t\t\t\n\t\t\t\t\t\t\t\t\t<h4 class=\"fw-imagebox-subtitle\">Partner<\/h4>\n\t\t\t\t\t\t\t<\/div>\n\t\t\n\t\t\n\t\t\t<\/div>\n\t<\/div>\n\t\t<\/div>\n\t<\/div>\n<\/div><div id=\"column-69dd1098c7167\" class=\"fw-col-sm-4 tf-sh-867937b977e2382e5a41f0484f784b38\" >\n\t<div class=\"fw-wrap-col-inner clearfix  \"   >\n\t\t\t\t<div class=\"fw-col-inner\">\n\t\t\t\t\t<\/div>\n\t<\/div>\n<\/div><\/div>\n\n\t<\/div>\n\t<\/section><section   class=\"fw-main-row  auto  fw-section-position-back\"    >\n\t\t\t<div class=\"fw-container\" >\n\t\t<div class=\"fw-row\">\n\t<div id=\"column-69dd1098c75b4\" class=\"fw-col-sm-12 tf-sh-6dc230a397555bbf547f83164fc30ec9\" >\n\t<div class=\"fw-wrap-col-inner clearfix  \"   >\n\t\t\t\t<div class=\"fw-col-inner\">\n\t\t\t<div class=\"fw-divider-space space-md  clearfix\"  ><\/div>\t\t<\/div>\n\t<\/div>\n<\/div><\/div>\n\n\t<\/div>\n\t<\/section><\/p>\n","protected":false},"excerpt":{"rendered":"<p>Over ons Finsens is al ruim 25 jaar een gevestigde naam in de financi\u00eble dienstverlening voor het realiseren van de persoonlijke en financi\u00eble wensen van particulieren, professionals, ondernemers en expats. Wij bieden een breed spectrum aan financieel advies met specialisaties op het gebied van fiscaliteit, vermogensbeheer, hypotheken en financi\u00eble planning. Wij staan bekend om lange [&hellip;]<\/p>\n","protected":false},"author":1,"featured_media":0,"parent":0,"menu_order":0,"comment_status":"closed","ping_status":"closed","template":"visual-builder-template.php","meta":{"footnotes":""},"class_list":["post-141","page","type-page","status-publish","hentry"],"yoast_head":"<!-- This site is optimized with the Yoast SEO plugin v27.3 - https:\/\/yoast.com\/product\/yoast-seo-wordpress\/ -->\n<title>Benieuwd naar het verhaal achter ons bedrijf? | Finsens<\/title>\n<meta name=\"description\" content=\"Finsens is al ruim 25 jaar een gevestigde naam in de financi\u00eble dienstverlening voor het realiseren van de wensen van particulieren, ondernemers en expats.\" \/>\n<meta name=\"robots\" content=\"index, follow, max-snippet:-1, max-image-preview:large, max-video-preview:-1\" \/>\n<link rel=\"canonical\" href=\"https:\/\/finsens.nl\/nl\/over-ons\/\" \/>\n<meta property=\"og:locale\" content=\"nl_NL\" \/>\n<meta property=\"og:type\" content=\"article\" \/>\n<meta property=\"og:title\" content=\"Benieuwd naar het verhaal achter ons bedrijf? | Finsens\" \/>\n<meta property=\"og:description\" content=\"Finsens is al ruim 25 jaar een gevestigde naam in de financi\u00eble dienstverlening voor het realiseren van de wensen van particulieren, ondernemers en expats.\" \/>\n<meta property=\"og:url\" content=\"https:\/\/finsens.nl\/nl\/over-ons\/\" \/>\n<meta property=\"og:site_name\" content=\"Finsens\" \/>\n<meta property=\"article:modified_time\" content=\"2021-12-01T09:31:05+00:00\" \/>\n<meta property=\"og:image\" content=\"https:\/\/finsens.nl\/wp-content\/uploads\/2018\/03\/shutterstock_216930169-2.jpg\" \/>\n<meta name=\"twitter:card\" content=\"summary_large_image\" \/>\n<meta name=\"twitter:label1\" content=\"Geschatte leestijd\" \/>\n\t<meta name=\"twitter:data1\" content=\"1 minuut\" \/>\n<script type=\"application\/ld+json\" class=\"yoast-schema-graph\">{\"@context\":\"https:\\\/\\\/schema.org\",\"@graph\":[{\"@type\":\"WebPage\",\"@id\":\"https:\\\/\\\/finsens.nl\\\/nl\\\/over-ons\\\/\",\"url\":\"https:\\\/\\\/finsens.nl\\\/nl\\\/over-ons\\\/\",\"name\":\"Benieuwd naar het verhaal achter ons bedrijf? | Finsens\",\"isPartOf\":{\"@id\":\"https:\\\/\\\/finsens.nl\\\/nl\\\/#website\"},\"primaryImageOfPage\":{\"@id\":\"https:\\\/\\\/finsens.nl\\\/nl\\\/over-ons\\\/#primaryimage\"},\"image\":{\"@id\":\"https:\\\/\\\/finsens.nl\\\/nl\\\/over-ons\\\/#primaryimage\"},\"thumbnailUrl\":\"https:\\\/\\\/finsens.nl\\\/wp-content\\\/uploads\\\/2018\\\/03\\\/shutterstock_216930169-2.jpg\",\"datePublished\":\"2018-02-14T12:25:39+00:00\",\"dateModified\":\"2021-12-01T09:31:05+00:00\",\"description\":\"Finsens is al ruim 25 jaar een gevestigde naam in de financi\u00eble dienstverlening voor het realiseren van de wensen van particulieren, ondernemers en expats.\",\"breadcrumb\":{\"@id\":\"https:\\\/\\\/finsens.nl\\\/nl\\\/over-ons\\\/#breadcrumb\"},\"inLanguage\":\"nl-NL\",\"potentialAction\":[{\"@type\":\"ReadAction\",\"target\":[\"https:\\\/\\\/finsens.nl\\\/nl\\\/over-ons\\\/\"]}]},{\"@type\":\"ImageObject\",\"inLanguage\":\"nl-NL\",\"@id\":\"https:\\\/\\\/finsens.nl\\\/nl\\\/over-ons\\\/#primaryimage\",\"url\":\"https:\\\/\\\/finsens.nl\\\/wp-content\\\/uploads\\\/2018\\\/03\\\/shutterstock_216930169-2.jpg\",\"contentUrl\":\"https:\\\/\\\/finsens.nl\\\/wp-content\\\/uploads\\\/2018\\\/03\\\/shutterstock_216930169-2.jpg\"},{\"@type\":\"BreadcrumbList\",\"@id\":\"https:\\\/\\\/finsens.nl\\\/nl\\\/over-ons\\\/#breadcrumb\",\"itemListElement\":[{\"@type\":\"ListItem\",\"position\":1,\"name\":\"Home\",\"item\":\"https:\\\/\\\/finsens.nl\\\/nl\\\/\"},{\"@type\":\"ListItem\",\"position\":2,\"name\":\"Over ons\"}]},{\"@type\":\"WebSite\",\"@id\":\"https:\\\/\\\/finsens.nl\\\/nl\\\/#website\",\"url\":\"https:\\\/\\\/finsens.nl\\\/nl\\\/\",\"name\":\"Finsens\",\"description\":\"Finsens\",\"publisher\":{\"@id\":\"https:\\\/\\\/finsens.nl\\\/nl\\\/#organization\"},\"potentialAction\":[{\"@type\":\"SearchAction\",\"target\":{\"@type\":\"EntryPoint\",\"urlTemplate\":\"https:\\\/\\\/finsens.nl\\\/nl\\\/?s={search_term_string}\"},\"query-input\":{\"@type\":\"PropertyValueSpecification\",\"valueRequired\":true,\"valueName\":\"search_term_string\"}}],\"inLanguage\":\"nl-NL\"},{\"@type\":\"Organization\",\"@id\":\"https:\\\/\\\/finsens.nl\\\/nl\\\/#organization\",\"name\":\"Finsens Producten\",\"url\":\"https:\\\/\\\/finsens.nl\\\/nl\\\/\",\"logo\":{\"@type\":\"ImageObject\",\"inLanguage\":\"nl-NL\",\"@id\":\"https:\\\/\\\/finsens.nl\\\/nl\\\/#\\\/schema\\\/logo\\\/image\\\/\",\"url\":\"https:\\\/\\\/finsens.nl\\\/wp-content\\\/uploads\\\/2018\\\/03\\\/logo-Finsens-diap.png\",\"contentUrl\":\"https:\\\/\\\/finsens.nl\\\/wp-content\\\/uploads\\\/2018\\\/03\\\/logo-Finsens-diap.png\",\"width\":128,\"height\":62,\"caption\":\"Finsens Producten\"},\"image\":{\"@id\":\"https:\\\/\\\/finsens.nl\\\/nl\\\/#\\\/schema\\\/logo\\\/image\\\/\"}}]}<\/script>\n<!-- \/ Yoast SEO plugin. -->","yoast_head_json":{"title":"Benieuwd naar het verhaal achter ons bedrijf? | Finsens","description":"Finsens is al ruim 25 jaar een gevestigde naam in de financi\u00eble dienstverlening voor het realiseren van de wensen van particulieren, ondernemers en expats.","robots":{"index":"index","follow":"follow","max-snippet":"max-snippet:-1","max-image-preview":"max-image-preview:large","max-video-preview":"max-video-preview:-1"},"canonical":"https:\/\/finsens.nl\/nl\/over-ons\/","og_locale":"nl_NL","og_type":"article","og_title":"Benieuwd naar het verhaal achter ons bedrijf? | Finsens","og_description":"Finsens is al ruim 25 jaar een gevestigde naam in de financi\u00eble dienstverlening voor het realiseren van de wensen van particulieren, ondernemers en expats.","og_url":"https:\/\/finsens.nl\/nl\/over-ons\/","og_site_name":"Finsens","article_modified_time":"2021-12-01T09:31:05+00:00","og_image":[{"url":"https:\/\/finsens.nl\/wp-content\/uploads\/2018\/03\/shutterstock_216930169-2.jpg","type":"","width":"","height":""}],"twitter_card":"summary_large_image","twitter_misc":{"Geschatte leestijd":"1 minuut"},"schema":{"@context":"https:\/\/schema.org","@graph":[{"@type":"WebPage","@id":"https:\/\/finsens.nl\/nl\/over-ons\/","url":"https:\/\/finsens.nl\/nl\/over-ons\/","name":"Benieuwd naar het verhaal achter ons bedrijf? | Finsens","isPartOf":{"@id":"https:\/\/finsens.nl\/nl\/#website"},"primaryImageOfPage":{"@id":"https:\/\/finsens.nl\/nl\/over-ons\/#primaryimage"},"image":{"@id":"https:\/\/finsens.nl\/nl\/over-ons\/#primaryimage"},"thumbnailUrl":"https:\/\/finsens.nl\/wp-content\/uploads\/2018\/03\/shutterstock_216930169-2.jpg","datePublished":"2018-02-14T12:25:39+00:00","dateModified":"2021-12-01T09:31:05+00:00","description":"Finsens is al ruim 25 jaar een gevestigde naam in de financi\u00eble dienstverlening voor het realiseren van de wensen van particulieren, ondernemers en expats.","breadcrumb":{"@id":"https:\/\/finsens.nl\/nl\/over-ons\/#breadcrumb"},"inLanguage":"nl-NL","potentialAction":[{"@type":"ReadAction","target":["https:\/\/finsens.nl\/nl\/over-ons\/"]}]},{"@type":"ImageObject","inLanguage":"nl-NL","@id":"https:\/\/finsens.nl\/nl\/over-ons\/#primaryimage","url":"https:\/\/finsens.nl\/wp-content\/uploads\/2018\/03\/shutterstock_216930169-2.jpg","contentUrl":"https:\/\/finsens.nl\/wp-content\/uploads\/2018\/03\/shutterstock_216930169-2.jpg"},{"@type":"BreadcrumbList","@id":"https:\/\/finsens.nl\/nl\/over-ons\/#breadcrumb","itemListElement":[{"@type":"ListItem","position":1,"name":"Home","item":"https:\/\/finsens.nl\/nl\/"},{"@type":"ListItem","position":2,"name":"Over ons"}]},{"@type":"WebSite","@id":"https:\/\/finsens.nl\/nl\/#website","url":"https:\/\/finsens.nl\/nl\/","name":"Finsens","description":"Finsens","publisher":{"@id":"https:\/\/finsens.nl\/nl\/#organization"},"potentialAction":[{"@type":"SearchAction","target":{"@type":"EntryPoint","urlTemplate":"https:\/\/finsens.nl\/nl\/?s={search_term_string}"},"query-input":{"@type":"PropertyValueSpecification","valueRequired":true,"valueName":"search_term_string"}}],"inLanguage":"nl-NL"},{"@type":"Organization","@id":"https:\/\/finsens.nl\/nl\/#organization","name":"Finsens Producten","url":"https:\/\/finsens.nl\/nl\/","logo":{"@type":"ImageObject","inLanguage":"nl-NL","@id":"https:\/\/finsens.nl\/nl\/#\/schema\/logo\/image\/","url":"https:\/\/finsens.nl\/wp-content\/uploads\/2018\/03\/logo-Finsens-diap.png","contentUrl":"https:\/\/finsens.nl\/wp-content\/uploads\/2018\/03\/logo-Finsens-diap.png","width":128,"height":62,"caption":"Finsens Producten"},"image":{"@id":"https:\/\/finsens.nl\/nl\/#\/schema\/logo\/image\/"}}]}},"_links":{"self":[{"href":"https:\/\/finsens.nl\/nl\/wp-json\/wp\/v2\/pages\/141","targetHints":{"allow":["GET"]}}],"collection":[{"href":"https:\/\/finsens.nl\/nl\/wp-json\/wp\/v2\/pages"}],"about":[{"href":"https:\/\/finsens.nl\/nl\/wp-json\/wp\/v2\/types\/page"}],"author":[{"embeddable":true,"href":"https:\/\/finsens.nl\/nl\/wp-json\/wp\/v2\/users\/1"}],"replies":[{"embeddable":true,"href":"https:\/\/finsens.nl\/nl\/wp-json\/wp\/v2\/comments?post=141"}],"version-history":[{"count":20,"href":"https:\/\/finsens.nl\/nl\/wp-json\/wp\/v2\/pages\/141\/revisions"}],"predecessor-version":[{"id":1809,"href":"https:\/\/finsens.nl\/nl\/wp-json\/wp\/v2\/pages\/141\/revisions\/1809"}],"wp:attachment":[{"href":"https:\/\/finsens.nl\/nl\/wp-json\/wp\/v2\/media?parent=141"}],"curies":[{"name":"wp","href":"https:\/\/api.w.org\/{rel}","templated":true}]}}